{"id":102,"date":"2016-05-26T07:19:24","date_gmt":"2016-05-26T07:19:24","guid":{"rendered":"http:\/\/infinity.different-themes.com\/?page_id=102"},"modified":"2021-12-15T11:12:39","modified_gmt":"2021-12-15T10:12:39","slug":"kontakt","status":"publish","type":"page","link":"https:\/\/urban.one\/blog\/kontakt\/","title":{"rendered":"KONTAKT"},"content":{"rendered":"<h3 class=\"footer__Subtitle\">Skontaktuj si\u0119 z nami!<\/h3>\n<p class=\"footer__Desc\">Masz pytania? Jeste\u015bmy po to, \u017ceby na nie odpowiedzie\u0107. Poni\u017cej znajdziesz nasze dane korespondencyjne. Mo\u017cesz te\u017c skorzysta\u0107 z adresu e-mail.<\/p>\n<h6><strong>Adres<\/strong>: ul. Bielska 29\/12, 02-394 Warszawa<\/h6>\n<h1 class=\"footer__Title wow fadeInUp\">MASZ PYTANIE?<\/h1>\n<h1 class=\"footer__Title wow fadeInUp\"><a href=\"mailto:kontakt@urban.one\">NAPISZ DO NAS!<\/a><\/h1>\n","protected":false},"excerpt":{"rendered":"<p>Skontaktuj si\u0119 z nami! Masz pytania? Jeste\u015bmy po to, \u017ceby na nie odpowiedzie\u0107. Poni\u017cej znajdziesz nasze dane korespondencyjne. Mo\u017cesz te\u017c skorzysta\u0107 z adresu e-mail. Adres: ul. Bielska 29\/12, 02-394 Warszawa MASZ PYTANIE? NAPISZ DO NAS!<\/p>\n","protected":false},"author":1,"featured_media":0,"parent":0,"menu_order":0,"comment_status":"closed","ping_status":"closed","template":"template-contact.php","meta":[],"yoast_head":"<!-- This site is optimized with the Yoast SEO plugin v19.1 - https:\/\/yoast.com\/wordpress\/plugins\/seo\/ -->\n<title>KONTAKT - Urban.one<\/title>\n<meta name=\"description\" content=\"Masz pytania? Jeste\u015bmy po to, \u017ceby na nie odpowiedzie\u0107. Poni\u017cej znajdziesz dane korespondencyjne do zespo\u0142u urban.one. Zapraszamy do kontaktu!\" \/>\n<meta name=\"robots\" content=\"index, follow, max-snippet:-1, max-image-preview:large, max-video-preview:-1\" \/>\n<link rel=\"canonical\" href=\"https:\/\/urban.one\/blog\/kontakt\/\" \/>\n<meta property=\"og:locale\" content=\"pl_PL\" \/>\n<meta property=\"og:type\" content=\"article\" \/>\n<meta property=\"og:title\" content=\"KONTAKT - Urban.one\" \/>\n<meta property=\"og:description\" content=\"Masz pytania? Jeste\u015bmy po to, \u017ceby na nie odpowiedzie\u0107. Poni\u017cej znajdziesz dane korespondencyjne do zespo\u0142u urban.one. Zapraszamy do kontaktu!\" \/>\n<meta property=\"og:url\" content=\"https:\/\/urban.one\/blog\/kontakt\/\" \/>\n<meta property=\"og:site_name\" content=\"Urban.one\" \/>\n<meta property=\"article:publisher\" content=\"https:\/\/www.facebook.com\/urbanonepl\/\" \/>\n<meta property=\"article:modified_time\" content=\"2021-12-15T10:12:39+00:00\" \/>\n<meta name=\"twitter:card\" content=\"summary_large_image\" \/>\n<script type=\"application\/ld+json\" class=\"yoast-schema-graph\">{\"@context\":\"https:\/\/schema.org\",\"@graph\":[{\"@type\":\"Organization\",\"@id\":\"https:\/\/urban.one\/blog\/#organization\",\"name\":\"Urban.one blog\",\"url\":\"https:\/\/urban.one\/blog\/\",\"sameAs\":[\"https:\/\/www.facebook.com\/urbanonepl\/\"],\"logo\":{\"@type\":\"ImageObject\",\"inLanguage\":\"pl-PL\",\"@id\":\"https:\/\/urban.one\/blog\/#\/schema\/logo\/image\/\",\"url\":\"https:\/\/urban.one\/blog\/wp-content\/uploads\/2016\/09\/UrbanOneBlog-Logo.png\",\"contentUrl\":\"https:\/\/urban.one\/blog\/wp-content\/uploads\/2016\/09\/UrbanOneBlog-Logo.png\",\"width\":319,\"height\":71,\"caption\":\"Urban.one blog\"},\"image\":{\"@id\":\"https:\/\/urban.one\/blog\/#\/schema\/logo\/image\/\"}},{\"@type\":\"WebSite\",\"@id\":\"https:\/\/urban.one\/blog\/#website\",\"url\":\"https:\/\/urban.one\/blog\/\",\"name\":\"Urban.one\",\"description\":\"Poznaj prawdziw\u0105 warto\u015b\u0107 mieszkania\",\"publisher\":{\"@id\":\"https:\/\/urban.one\/blog\/#organization\"},\"potentialAction\":[{\"@type\":\"SearchAction\",\"target\":{\"@type\":\"EntryPoint\",\"urlTemplate\":\"https:\/\/urban.one\/blog\/?s={search_term_string}\"},\"query-input\":\"required name=search_term_string\"}],\"inLanguage\":\"pl-PL\"},{\"@type\":\"WebPage\",\"@id\":\"https:\/\/urban.one\/blog\/kontakt\/#webpage\",\"url\":\"https:\/\/urban.one\/blog\/kontakt\/\",\"name\":\"KONTAKT - Urban.one\",\"isPartOf\":{\"@id\":\"https:\/\/urban.one\/blog\/#website\"},\"datePublished\":\"2016-05-26T07:19:24+00:00\",\"dateModified\":\"2021-12-15T10:12:39+00:00\",\"description\":\"Masz pytania? Jeste\u015bmy po to, \u017ceby na nie odpowiedzie\u0107. Poni\u017cej znajdziesz dane korespondencyjne do zespo\u0142u urban.one. Zapraszamy do kontaktu!\",\"breadcrumb\":{\"@id\":\"https:\/\/urban.one\/blog\/kontakt\/#breadcrumb\"},\"inLanguage\":\"pl-PL\",\"potentialAction\":[{\"@type\":\"ReadAction\",\"target\":[\"https:\/\/urban.one\/blog\/kontakt\/\"]}]},{\"@type\":\"BreadcrumbList\",\"@id\":\"https:\/\/urban.one\/blog\/kontakt\/#breadcrumb\",\"itemListElement\":[{\"@type\":\"ListItem\",\"position\":1,\"name\":\"Strona g\u0142\u00f3wna\",\"item\":\"\/\"},{\"@type\":\"ListItem\",\"position\":2,\"name\":\"Blog\",\"item\":\"https:\/\/urban.one\/blog\/\"},{\"@type\":\"ListItem\",\"position\":3,\"name\":\"KONTAKT\"}]}]}<\/script>\n<!-- \/ Yoast SEO plugin. -->","yoast_head_json":{"title":"KONTAKT - Urban.one","description":"Masz pytania? Jeste\u015bmy po to, \u017ceby na nie odpowiedzie\u0107. Poni\u017cej znajdziesz dane korespondencyjne do zespo\u0142u urban.one. Zapraszamy do kontaktu!","robots":{"index":"index","follow":"follow","max-snippet":"max-snippet:-1","max-image-preview":"max-image-preview:large","max-video-preview":"max-video-preview:-1"},"canonical":"https:\/\/urban.one\/blog\/kontakt\/","og_locale":"pl_PL","og_type":"article","og_title":"KONTAKT - Urban.one","og_description":"Masz pytania? Jeste\u015bmy po to, \u017ceby na nie odpowiedzie\u0107. Poni\u017cej znajdziesz dane korespondencyjne do zespo\u0142u urban.one. Zapraszamy do kontaktu!","og_url":"https:\/\/urban.one\/blog\/kontakt\/","og_site_name":"Urban.one","article_publisher":"https:\/\/www.facebook.com\/urbanonepl\/","article_modified_time":"2021-12-15T10:12:39+00:00","twitter_card":"summary_large_image","schema":{"@context":"https:\/\/schema.org","@graph":[{"@type":"Organization","@id":"https:\/\/urban.one\/blog\/#organization","name":"Urban.one blog","url":"https:\/\/urban.one\/blog\/","sameAs":["https:\/\/www.facebook.com\/urbanonepl\/"],"logo":{"@type":"ImageObject","inLanguage":"pl-PL","@id":"https:\/\/urban.one\/blog\/#\/schema\/logo\/image\/","url":"https:\/\/urban.one\/blog\/wp-content\/uploads\/2016\/09\/UrbanOneBlog-Logo.png","contentUrl":"https:\/\/urban.one\/blog\/wp-content\/uploads\/2016\/09\/UrbanOneBlog-Logo.png","width":319,"height":71,"caption":"Urban.one blog"},"image":{"@id":"https:\/\/urban.one\/blog\/#\/schema\/logo\/image\/"}},{"@type":"WebSite","@id":"https:\/\/urban.one\/blog\/#website","url":"https:\/\/urban.one\/blog\/","name":"Urban.one","description":"Poznaj prawdziw\u0105 warto\u015b\u0107 mieszkania","publisher":{"@id":"https:\/\/urban.one\/blog\/#organization"},"potentialAction":[{"@type":"SearchAction","target":{"@type":"EntryPoint","urlTemplate":"https:\/\/urban.one\/blog\/?s={search_term_string}"},"query-input":"required name=search_term_string"}],"inLanguage":"pl-PL"},{"@type":"WebPage","@id":"https:\/\/urban.one\/blog\/kontakt\/#webpage","url":"https:\/\/urban.one\/blog\/kontakt\/","name":"KONTAKT - Urban.one","isPartOf":{"@id":"https:\/\/urban.one\/blog\/#website"},"datePublished":"2016-05-26T07:19:24+00:00","dateModified":"2021-12-15T10:12:39+00:00","description":"Masz pytania? Jeste\u015bmy po to, \u017ceby na nie odpowiedzie\u0107. Poni\u017cej znajdziesz dane korespondencyjne do zespo\u0142u urban.one. Zapraszamy do kontaktu!","breadcrumb":{"@id":"https:\/\/urban.one\/blog\/kontakt\/#breadcrumb"},"inLanguage":"pl-PL","potentialAction":[{"@type":"ReadAction","target":["https:\/\/urban.one\/blog\/kontakt\/"]}]},{"@type":"BreadcrumbList","@id":"https:\/\/urban.one\/blog\/kontakt\/#breadcrumb","itemListElement":[{"@type":"ListItem","position":1,"name":"Strona g\u0142\u00f3wna","item":"\/"},{"@type":"ListItem","position":2,"name":"Blog","item":"https:\/\/urban.one\/blog\/"},{"@type":"ListItem","position":3,"name":"KONTAKT"}]}]}},"_links":{"self":[{"href":"https:\/\/urban.one\/blog\/wp-json\/wp\/v2\/pages\/102"}],"collection":[{"href":"https:\/\/urban.one\/blog\/wp-json\/wp\/v2\/pages"}],"about":[{"href":"https:\/\/urban.one\/blog\/wp-json\/wp\/v2\/types\/page"}],"author":[{"embeddable":true,"href":"https:\/\/urban.one\/blog\/wp-json\/wp\/v2\/users\/1"}],"replies":[{"embeddable":true,"href":"https:\/\/urban.one\/blog\/wp-json\/wp\/v2\/comments?post=102"}],"version-history":[{"count":23,"href":"https:\/\/urban.one\/blog\/wp-json\/wp\/v2\/pages\/102\/revisions"}],"predecessor-version":[{"id":3840,"href":"https:\/\/urban.one\/blog\/wp-json\/wp\/v2\/pages\/102\/revisions\/3840"}],"wp:attachment":[{"href":"https:\/\/urban.one\/blog\/wp-json\/wp\/v2\/media?parent=102"}],"curies":[{"name":"wp","href":"https:\/\/api.w.org\/{rel}","templated":true}]}}