{"id":146,"date":"2016-05-25T12:28:50","date_gmt":"2016-05-25T12:28:50","guid":{"rendered":"http:\/\/infinity.different-themes.com\/?page_id=58"},"modified":"2022-06-27T23:50:38","modified_gmt":"2022-06-27T21:50:38","slug":"homepage","status":"publish","type":"page","link":"https:\/\/urban.one\/blog\/","title":{"rendered":"Blog Urban One"},"content":{"rendered":"","protected":false},"excerpt":{"rendered":"","protected":false},"author":1,"featured_media":0,"parent":0,"menu_order":0,"comment_status":"closed","ping_status":"closed","template":"template-homepage.php","meta":[],"yoast_head":"<!-- This site is optimized with the Yoast SEO plugin v19.1 - https:\/\/yoast.com\/wordpress\/plugins\/seo\/ -->\n<title>Blog U1 \u2013 Poznaj prawdziw\u0105 warto\u015b\u0107 mieszkania - Urban.one<\/title>\n<meta name=\"description\" content=\"Witamy na stronie g\u0142\u00f3wnej urban.one. Zapraszamy do czytania, komentowania i poznawania rynku nieruchomo\u015bci w Polsce razem z naszymi ekspertami.\" \/>\n<meta name=\"robots\" content=\"index, follow, max-snippet:-1, max-image-preview:large, max-video-preview:-1\" \/>\n<link rel=\"canonical\" href=\"https:\/\/urban.one\/blog\/\" \/>\n<meta property=\"og:locale\" content=\"pl_PL\" \/>\n<meta property=\"og:type\" content=\"article\" \/>\n<meta property=\"og:title\" content=\"Blog U1 \u2013 Poznaj prawdziw\u0105 warto\u015b\u0107 mieszkania - Urban.one\" \/>\n<meta property=\"og:description\" content=\"Witamy na stronie g\u0142\u00f3wnej urban.one. Zapraszamy do czytania, komentowania i poznawania rynku nieruchomo\u015bci w Polsce razem z naszymi ekspertami.\" \/>\n<meta property=\"og:url\" content=\"https:\/\/urban.one\/blog\/\" \/>\n<meta property=\"og:site_name\" content=\"Urban.one\" \/>\n<meta property=\"article:publisher\" content=\"https:\/\/www.facebook.com\/urbanonepl\/\" \/>\n<meta property=\"article:modified_time\" content=\"2022-06-27T21:50:38+00:00\" \/>\n<meta name=\"twitter:card\" content=\"summary_large_image\" \/>\n<script type=\"application\/ld+json\" class=\"yoast-schema-graph\">{\"@context\":\"https:\/\/schema.org\",\"@graph\":[{\"@type\":\"Organization\",\"@id\":\"https:\/\/urban.one\/blog\/#organization\",\"name\":\"Urban.one blog\",\"url\":\"https:\/\/urban.one\/blog\/\",\"sameAs\":[\"https:\/\/www.facebook.com\/urbanonepl\/\"],\"logo\":{\"@type\":\"ImageObject\",\"inLanguage\":\"pl-PL\",\"@id\":\"https:\/\/urban.one\/blog\/#\/schema\/logo\/image\/\",\"url\":\"https:\/\/urban.one\/blog\/wp-content\/uploads\/2016\/09\/UrbanOneBlog-Logo.png\",\"contentUrl\":\"https:\/\/urban.one\/blog\/wp-content\/uploads\/2016\/09\/UrbanOneBlog-Logo.png\",\"width\":319,\"height\":71,\"caption\":\"Urban.one blog\"},\"image\":{\"@id\":\"https:\/\/urban.one\/blog\/#\/schema\/logo\/image\/\"}},{\"@type\":\"WebSite\",\"@id\":\"https:\/\/urban.one\/blog\/#website\",\"url\":\"https:\/\/urban.one\/blog\/\",\"name\":\"Urban.one\",\"description\":\"Poznaj prawdziw\u0105 warto\u015b\u0107 mieszkania\",\"publisher\":{\"@id\":\"https:\/\/urban.one\/blog\/#organization\"},\"potentialAction\":[{\"@type\":\"SearchAction\",\"target\":{\"@type\":\"EntryPoint\",\"urlTemplate\":\"https:\/\/urban.one\/blog\/?s={search_term_string}\"},\"query-input\":\"required name=search_term_string\"}],\"inLanguage\":\"pl-PL\"},{\"@type\":\"WebPage\",\"@id\":\"https:\/\/urban.one\/blog\/#webpage\",\"url\":\"https:\/\/urban.one\/blog\/\",\"name\":\"Blog U1 \u2013 Poznaj prawdziw\u0105 warto\u015b\u0107 mieszkania - Urban.one\",\"isPartOf\":{\"@id\":\"https:\/\/urban.one\/blog\/#website\"},\"datePublished\":\"2016-05-25T12:28:50+00:00\",\"dateModified\":\"2022-06-27T21:50:38+00:00\",\"description\":\"Witamy na stronie g\u0142\u00f3wnej urban.one. Zapraszamy do czytania, komentowania i poznawania rynku nieruchomo\u015bci w Polsce razem z naszymi ekspertami.\",\"breadcrumb\":{\"@id\":\"https:\/\/urban.one\/blog\/#breadcrumb\"},\"inLanguage\":\"pl-PL\",\"potentialAction\":[{\"@type\":\"ReadAction\",\"target\":[\"https:\/\/urban.one\/blog\/\"]}]},{\"@type\":\"BreadcrumbList\",\"@id\":\"https:\/\/urban.one\/blog\/#breadcrumb\",\"itemListElement\":[{\"@type\":\"ListItem\",\"position\":1,\"name\":\"Strona g\u0142\u00f3wna\",\"item\":\"\/\"},{\"@type\":\"ListItem\",\"position\":2,\"name\":\"Blog\",\"item\":\"https:\/\/urban.one\/blog\/\"},{\"@type\":\"ListItem\",\"position\":3,\"name\":\"Blog Urban One\"}]}]}<\/script>\n<!-- \/ Yoast SEO plugin. -->","yoast_head_json":{"title":"Blog U1 \u2013 Poznaj prawdziw\u0105 warto\u015b\u0107 mieszkania - Urban.one","description":"Witamy na stronie g\u0142\u00f3wnej urban.one. Zapraszamy do czytania, komentowania i poznawania rynku nieruchomo\u015bci w Polsce razem z naszymi ekspertami.","robots":{"index":"index","follow":"follow","max-snippet":"max-snippet:-1","max-image-preview":"max-image-preview:large","max-video-preview":"max-video-preview:-1"},"canonical":"https:\/\/urban.one\/blog\/","og_locale":"pl_PL","og_type":"article","og_title":"Blog U1 \u2013 Poznaj prawdziw\u0105 warto\u015b\u0107 mieszkania - Urban.one","og_description":"Witamy na stronie g\u0142\u00f3wnej urban.one. Zapraszamy do czytania, komentowania i poznawania rynku nieruchomo\u015bci w Polsce razem z naszymi ekspertami.","og_url":"https:\/\/urban.one\/blog\/","og_site_name":"Urban.one","article_publisher":"https:\/\/www.facebook.com\/urbanonepl\/","article_modified_time":"2022-06-27T21:50:38+00:00","twitter_card":"summary_large_image","schema":{"@context":"https:\/\/schema.org","@graph":[{"@type":"Organization","@id":"https:\/\/urban.one\/blog\/#organization","name":"Urban.one blog","url":"https:\/\/urban.one\/blog\/","sameAs":["https:\/\/www.facebook.com\/urbanonepl\/"],"logo":{"@type":"ImageObject","inLanguage":"pl-PL","@id":"https:\/\/urban.one\/blog\/#\/schema\/logo\/image\/","url":"https:\/\/urban.one\/blog\/wp-content\/uploads\/2016\/09\/UrbanOneBlog-Logo.png","contentUrl":"https:\/\/urban.one\/blog\/wp-content\/uploads\/2016\/09\/UrbanOneBlog-Logo.png","width":319,"height":71,"caption":"Urban.one blog"},"image":{"@id":"https:\/\/urban.one\/blog\/#\/schema\/logo\/image\/"}},{"@type":"WebSite","@id":"https:\/\/urban.one\/blog\/#website","url":"https:\/\/urban.one\/blog\/","name":"Urban.one","description":"Poznaj prawdziw\u0105 warto\u015b\u0107 mieszkania","publisher":{"@id":"https:\/\/urban.one\/blog\/#organization"},"potentialAction":[{"@type":"SearchAction","target":{"@type":"EntryPoint","urlTemplate":"https:\/\/urban.one\/blog\/?s={search_term_string}"},"query-input":"required name=search_term_string"}],"inLanguage":"pl-PL"},{"@type":"WebPage","@id":"https:\/\/urban.one\/blog\/#webpage","url":"https:\/\/urban.one\/blog\/","name":"Blog U1 \u2013 Poznaj prawdziw\u0105 warto\u015b\u0107 mieszkania - Urban.one","isPartOf":{"@id":"https:\/\/urban.one\/blog\/#website"},"datePublished":"2016-05-25T12:28:50+00:00","dateModified":"2022-06-27T21:50:38+00:00","description":"Witamy na stronie g\u0142\u00f3wnej urban.one. Zapraszamy do czytania, komentowania i poznawania rynku nieruchomo\u015bci w Polsce razem z naszymi ekspertami.","breadcrumb":{"@id":"https:\/\/urban.one\/blog\/#breadcrumb"},"inLanguage":"pl-PL","potentialAction":[{"@type":"ReadAction","target":["https:\/\/urban.one\/blog\/"]}]},{"@type":"BreadcrumbList","@id":"https:\/\/urban.one\/blog\/#breadcrumb","itemListElement":[{"@type":"ListItem","position":1,"name":"Strona g\u0142\u00f3wna","item":"\/"},{"@type":"ListItem","position":2,"name":"Blog","item":"https:\/\/urban.one\/blog\/"},{"@type":"ListItem","position":3,"name":"Blog Urban One"}]}]}},"_links":{"self":[{"href":"https:\/\/urban.one\/blog\/wp-json\/wp\/v2\/pages\/146"}],"collection":[{"href":"https:\/\/urban.one\/blog\/wp-json\/wp\/v2\/pages"}],"about":[{"href":"https:\/\/urban.one\/blog\/wp-json\/wp\/v2\/types\/page"}],"author":[{"embeddable":true,"href":"https:\/\/urban.one\/blog\/wp-json\/wp\/v2\/users\/1"}],"replies":[{"embeddable":true,"href":"https:\/\/urban.one\/blog\/wp-json\/wp\/v2\/comments?post=146"}],"version-history":[{"count":3,"href":"https:\/\/urban.one\/blog\/wp-json\/wp\/v2\/pages\/146\/revisions"}],"predecessor-version":[{"id":4107,"href":"https:\/\/urban.one\/blog\/wp-json\/wp\/v2\/pages\/146\/revisions\/4107"}],"wp:attachment":[{"href":"https:\/\/urban.one\/blog\/wp-json\/wp\/v2\/media?parent=146"}],"curies":[{"name":"wp","href":"https:\/\/api.w.org\/{rel}","templated":true}]}}