{"id":178,"date":"2016-09-29T21:51:09","date_gmt":"2016-09-29T19:51:09","guid":{"rendered":"https:\/\/urban.one\/blog\/?page_id=178"},"modified":"2022-11-07T11:27:12","modified_gmt":"2022-11-07T10:27:12","slug":"o-pricer","status":"publish","type":"page","link":"https:\/\/urban.one\/blog\/o-pricer\/","title":{"rendered":"O PriceR"},"content":{"rendered":"<p class=\"dropcap\">PriceR oferuje us\u0142ugi oraz wielowymiarowe badania w zakresie dynamiki poziomu cen nieruchomo\u015bci. Najwi\u0119ksza w Polsce, aktualizowana na bie\u017c\u0105co Baza Cen o transakcjach na rynku nieruchomo\u015bci, powstaje w oparciu o dane pozyskanie ze zr\u00f3\u017cnicowanych \u017ar\u00f3de\u0142 publicznych. Dzi\u0119ki ujednoliconej postaci, mo\u017cna w \u0142atwy i szybki spos\u00f3b wyszukiwa\u0107 informacje, filtrowa\u0107 je i por\u00f3wnywa\u0107. Baza jest udost\u0119pniana za po\u015brednictwem przyjaznego interfejsu, umo\u017cliwiaj\u0105cego wyszukiwanie danych w oparciu o lokalizacj\u0119 na mapie. Dodatkowo, nasz system informacji o nieruchomo\u015bciach umo\u017cliwia wzbogacenie podstawowych danych o szczeg\u00f3\u0142y dotycz\u0105ce lokalizacji. Baza Cen dostarcza informacji zgodnych z rekomendacjami\u00a0 J, S i F Komisji Nadzoru Finansowego.<\/p>\n<p><img class=\"wp-image-252 size-full aligncenter\" src=\"https:\/\/urban.one\/blog\/wp-content\/uploads\/2016\/09\/cenatorium.jpg\" alt=\"cenatorium\" width=\"535\" height=\"542\" srcset=\"https:\/\/urban.one\/blog\/wp-content\/uploads\/2016\/09\/cenatorium.jpg 535w, https:\/\/urban.one\/blog\/wp-content\/uploads\/2016\/09\/cenatorium-296x300.jpg 296w\" \/><\/p>\n<p>Korzystaj z nowoczesnej aplikacji Pricer.pl lub wybierz jedn\u0105 z us\u0142ug, kt\u00f3r\u0105 oferujemy:<\/p>\n<ul>\n<li>aktualizacja i monitoring portfela nieruchomo\u015bci,<\/li>\n<li>sprzeda\u017c danych,<\/li>\n<li>ocena atrakcyjno\u015bci inwestycyjnej,<\/li>\n<li>wyceny warto\u015bci nieruchomo\u015bci,<\/li>\n<li>indeksy cen.<\/li>\n<\/ul>\n","protected":false},"excerpt":{"rendered":"<p>PriceR oferuje us\u0142ugi oraz wielowymiarowe badania w zakresie dynamiki poziomu cen nieruchomo\u015bci. Najwi\u0119ksza w Polsce, aktualizowana na bie\u017c\u0105co Baza Cen o transakcjach na rynku nieruchomo\u015bci, powstaje w oparciu o dane pozyskanie ze zr\u00f3\u017cnicowanych \u017ar\u00f3de\u0142 publicznych. Dzi\u0119ki ujednoliconej postaci, mo\u017cna w \u0142atwy i szybki spos\u00f3b wyszukiwa\u0107 informacje, filtrowa\u0107 je i por\u00f3wnywa\u0107. Baza jest udost\u0119pniana za po\u015brednictwem<\/p>\n","protected":false},"author":1,"featured_media":0,"parent":0,"menu_order":0,"comment_status":"closed","ping_status":"closed","template":"","meta":[],"yoast_head":"<!-- This site is optimized with the Yoast SEO plugin v19.1 - https:\/\/yoast.com\/wordpress\/plugins\/seo\/ -->\n<title>O PriceR - Urban.one<\/title>\n<meta name=\"description\" content=\"Cenatorium to sp\u00f3\u0142ka technologiczna oferuj\u0105ca us\u0142ugi oraz wielowymiarowe badania w zakresie dynamiki poziomu cen nieruchomo\u015bci. Cenatorium rozwija najwi\u0119ksz\u0105 w Polsce, aktualizowan\u0105 na bie\u017c\u0105co Baz\u0119 Cen o transakcjach na rynku nieruchomo\u015bci.\" \/>\n<meta name=\"robots\" content=\"index, follow, max-snippet:-1, max-image-preview:large, max-video-preview:-1\" \/>\n<link rel=\"canonical\" href=\"https:\/\/urban.one\/blog\/o-pricer\/\" \/>\n<meta property=\"og:locale\" content=\"pl_PL\" \/>\n<meta property=\"og:type\" content=\"article\" \/>\n<meta property=\"og:title\" content=\"O PriceR - Urban.one\" \/>\n<meta property=\"og:description\" content=\"Cenatorium to sp\u00f3\u0142ka technologiczna oferuj\u0105ca us\u0142ugi oraz wielowymiarowe badania w zakresie dynamiki poziomu cen nieruchomo\u015bci. Cenatorium rozwija najwi\u0119ksz\u0105 w Polsce, aktualizowan\u0105 na bie\u017c\u0105co Baz\u0119 Cen o transakcjach na rynku nieruchomo\u015bci.\" \/>\n<meta property=\"og:url\" content=\"https:\/\/urban.one\/blog\/o-pricer\/\" \/>\n<meta property=\"og:site_name\" content=\"Urban.one\" \/>\n<meta property=\"article:publisher\" content=\"https:\/\/www.facebook.com\/urbanonepl\/\" \/>\n<meta property=\"article:modified_time\" content=\"2022-11-07T10:27:12+00:00\" \/>\n<meta property=\"og:image\" content=\"https:\/\/urban.one\/blog\/wp-content\/uploads\/2016\/09\/cenatorium.jpg\" \/>\n<meta name=\"twitter:card\" content=\"summary_large_image\" \/>\n<meta name=\"twitter:label1\" content=\"Szacowany czas czytania\" \/>\n\t<meta name=\"twitter:data1\" content=\"1 minuta\" \/>\n<script type=\"application\/ld+json\" class=\"yoast-schema-graph\">{\"@context\":\"https:\/\/schema.org\",\"@graph\":[{\"@type\":\"Organization\",\"@id\":\"https:\/\/urban.one\/blog\/#organization\",\"name\":\"Urban.one blog\",\"url\":\"https:\/\/urban.one\/blog\/\",\"sameAs\":[\"https:\/\/www.facebook.com\/urbanonepl\/\"],\"logo\":{\"@type\":\"ImageObject\",\"inLanguage\":\"pl-PL\",\"@id\":\"https:\/\/urban.one\/blog\/#\/schema\/logo\/image\/\",\"url\":\"https:\/\/urban.one\/blog\/wp-content\/uploads\/2016\/09\/UrbanOneBlog-Logo.png\",\"contentUrl\":\"https:\/\/urban.one\/blog\/wp-content\/uploads\/2016\/09\/UrbanOneBlog-Logo.png\",\"width\":319,\"height\":71,\"caption\":\"Urban.one blog\"},\"image\":{\"@id\":\"https:\/\/urban.one\/blog\/#\/schema\/logo\/image\/\"}},{\"@type\":\"WebSite\",\"@id\":\"https:\/\/urban.one\/blog\/#website\",\"url\":\"https:\/\/urban.one\/blog\/\",\"name\":\"Urban.one\",\"description\":\"Poznaj prawdziw\u0105 warto\u015b\u0107 mieszkania\",\"publisher\":{\"@id\":\"https:\/\/urban.one\/blog\/#organization\"},\"potentialAction\":[{\"@type\":\"SearchAction\",\"target\":{\"@type\":\"EntryPoint\",\"urlTemplate\":\"https:\/\/urban.one\/blog\/?s={search_term_string}\"},\"query-input\":\"required name=search_term_string\"}],\"inLanguage\":\"pl-PL\"},{\"@type\":\"ImageObject\",\"inLanguage\":\"pl-PL\",\"@id\":\"https:\/\/urban.one\/blog\/o-pricer\/#primaryimage\",\"url\":\"https:\/\/urban.one\/blog\/wp-content\/uploads\/2016\/09\/cenatorium.jpg\",\"contentUrl\":\"https:\/\/urban.one\/blog\/wp-content\/uploads\/2016\/09\/cenatorium.jpg\",\"width\":535,\"height\":542,\"caption\":\"grafika systemu Bazy Cen\"},{\"@type\":\"WebPage\",\"@id\":\"https:\/\/urban.one\/blog\/o-pricer\/#webpage\",\"url\":\"https:\/\/urban.one\/blog\/o-pricer\/\",\"name\":\"O PriceR - Urban.one\",\"isPartOf\":{\"@id\":\"https:\/\/urban.one\/blog\/#website\"},\"primaryImageOfPage\":{\"@id\":\"https:\/\/urban.one\/blog\/o-pricer\/#primaryimage\"},\"datePublished\":\"2016-09-29T19:51:09+00:00\",\"dateModified\":\"2022-11-07T10:27:12+00:00\",\"description\":\"Cenatorium to sp\u00f3\u0142ka technologiczna oferuj\u0105ca us\u0142ugi oraz wielowymiarowe badania w zakresie dynamiki poziomu cen nieruchomo\u015bci. Cenatorium rozwija najwi\u0119ksz\u0105 w Polsce, aktualizowan\u0105 na bie\u017c\u0105co Baz\u0119 Cen o transakcjach na rynku nieruchomo\u015bci.\",\"breadcrumb\":{\"@id\":\"https:\/\/urban.one\/blog\/o-pricer\/#breadcrumb\"},\"inLanguage\":\"pl-PL\",\"potentialAction\":[{\"@type\":\"ReadAction\",\"target\":[\"https:\/\/urban.one\/blog\/o-pricer\/\"]}]},{\"@type\":\"BreadcrumbList\",\"@id\":\"https:\/\/urban.one\/blog\/o-pricer\/#breadcrumb\",\"itemListElement\":[{\"@type\":\"ListItem\",\"position\":1,\"name\":\"Strona g\u0142\u00f3wna\",\"item\":\"\/\"},{\"@type\":\"ListItem\",\"position\":2,\"name\":\"Blog\",\"item\":\"https:\/\/urban.one\/blog\/\"},{\"@type\":\"ListItem\",\"position\":3,\"name\":\"O PriceR\"}]}]}<\/script>\n<!-- \/ Yoast SEO plugin. -->","yoast_head_json":{"title":"O PriceR - Urban.one","description":"Cenatorium to sp\u00f3\u0142ka technologiczna oferuj\u0105ca us\u0142ugi oraz wielowymiarowe badania w zakresie dynamiki poziomu cen nieruchomo\u015bci. Cenatorium rozwija najwi\u0119ksz\u0105 w Polsce, aktualizowan\u0105 na bie\u017c\u0105co Baz\u0119 Cen o transakcjach na rynku nieruchomo\u015bci.","robots":{"index":"index","follow":"follow","max-snippet":"max-snippet:-1","max-image-preview":"max-image-preview:large","max-video-preview":"max-video-preview:-1"},"canonical":"https:\/\/urban.one\/blog\/o-pricer\/","og_locale":"pl_PL","og_type":"article","og_title":"O PriceR - Urban.one","og_description":"Cenatorium to sp\u00f3\u0142ka technologiczna oferuj\u0105ca us\u0142ugi oraz wielowymiarowe badania w zakresie dynamiki poziomu cen nieruchomo\u015bci. Cenatorium rozwija najwi\u0119ksz\u0105 w Polsce, aktualizowan\u0105 na bie\u017c\u0105co Baz\u0119 Cen o transakcjach na rynku nieruchomo\u015bci.","og_url":"https:\/\/urban.one\/blog\/o-pricer\/","og_site_name":"Urban.one","article_publisher":"https:\/\/www.facebook.com\/urbanonepl\/","article_modified_time":"2022-11-07T10:27:12+00:00","og_image":[{"url":"https:\/\/urban.one\/blog\/wp-content\/uploads\/2016\/09\/cenatorium.jpg"}],"twitter_card":"summary_large_image","twitter_misc":{"Szacowany czas czytania":"1 minuta"},"schema":{"@context":"https:\/\/schema.org","@graph":[{"@type":"Organization","@id":"https:\/\/urban.one\/blog\/#organization","name":"Urban.one blog","url":"https:\/\/urban.one\/blog\/","sameAs":["https:\/\/www.facebook.com\/urbanonepl\/"],"logo":{"@type":"ImageObject","inLanguage":"pl-PL","@id":"https:\/\/urban.one\/blog\/#\/schema\/logo\/image\/","url":"https:\/\/urban.one\/blog\/wp-content\/uploads\/2016\/09\/UrbanOneBlog-Logo.png","contentUrl":"https:\/\/urban.one\/blog\/wp-content\/uploads\/2016\/09\/UrbanOneBlog-Logo.png","width":319,"height":71,"caption":"Urban.one blog"},"image":{"@id":"https:\/\/urban.one\/blog\/#\/schema\/logo\/image\/"}},{"@type":"WebSite","@id":"https:\/\/urban.one\/blog\/#website","url":"https:\/\/urban.one\/blog\/","name":"Urban.one","description":"Poznaj prawdziw\u0105 warto\u015b\u0107 mieszkania","publisher":{"@id":"https:\/\/urban.one\/blog\/#organization"},"potentialAction":[{"@type":"SearchAction","target":{"@type":"EntryPoint","urlTemplate":"https:\/\/urban.one\/blog\/?s={search_term_string}"},"query-input":"required name=search_term_string"}],"inLanguage":"pl-PL"},{"@type":"ImageObject","inLanguage":"pl-PL","@id":"https:\/\/urban.one\/blog\/o-pricer\/#primaryimage","url":"https:\/\/urban.one\/blog\/wp-content\/uploads\/2016\/09\/cenatorium.jpg","contentUrl":"https:\/\/urban.one\/blog\/wp-content\/uploads\/2016\/09\/cenatorium.jpg","width":535,"height":542,"caption":"grafika systemu Bazy Cen"},{"@type":"WebPage","@id":"https:\/\/urban.one\/blog\/o-pricer\/#webpage","url":"https:\/\/urban.one\/blog\/o-pricer\/","name":"O PriceR - Urban.one","isPartOf":{"@id":"https:\/\/urban.one\/blog\/#website"},"primaryImageOfPage":{"@id":"https:\/\/urban.one\/blog\/o-pricer\/#primaryimage"},"datePublished":"2016-09-29T19:51:09+00:00","dateModified":"2022-11-07T10:27:12+00:00","description":"Cenatorium to sp\u00f3\u0142ka technologiczna oferuj\u0105ca us\u0142ugi oraz wielowymiarowe badania w zakresie dynamiki poziomu cen nieruchomo\u015bci. Cenatorium rozwija najwi\u0119ksz\u0105 w Polsce, aktualizowan\u0105 na bie\u017c\u0105co Baz\u0119 Cen o transakcjach na rynku nieruchomo\u015bci.","breadcrumb":{"@id":"https:\/\/urban.one\/blog\/o-pricer\/#breadcrumb"},"inLanguage":"pl-PL","potentialAction":[{"@type":"ReadAction","target":["https:\/\/urban.one\/blog\/o-pricer\/"]}]},{"@type":"BreadcrumbList","@id":"https:\/\/urban.one\/blog\/o-pricer\/#breadcrumb","itemListElement":[{"@type":"ListItem","position":1,"name":"Strona g\u0142\u00f3wna","item":"\/"},{"@type":"ListItem","position":2,"name":"Blog","item":"https:\/\/urban.one\/blog\/"},{"@type":"ListItem","position":3,"name":"O PriceR"}]}]}},"_links":{"self":[{"href":"https:\/\/urban.one\/blog\/wp-json\/wp\/v2\/pages\/178"}],"collection":[{"href":"https:\/\/urban.one\/blog\/wp-json\/wp\/v2\/pages"}],"about":[{"href":"https:\/\/urban.one\/blog\/wp-json\/wp\/v2\/types\/page"}],"author":[{"embeddable":true,"href":"https:\/\/urban.one\/blog\/wp-json\/wp\/v2\/users\/1"}],"replies":[{"embeddable":true,"href":"https:\/\/urban.one\/blog\/wp-json\/wp\/v2\/comments?post=178"}],"version-history":[{"count":9,"href":"https:\/\/urban.one\/blog\/wp-json\/wp\/v2\/pages\/178\/revisions"}],"predecessor-version":[{"id":4366,"href":"https:\/\/urban.one\/blog\/wp-json\/wp\/v2\/pages\/178\/revisions\/4366"}],"wp:attachment":[{"href":"https:\/\/urban.one\/blog\/wp-json\/wp\/v2\/media?parent=178"}],"curies":[{"name":"wp","href":"https:\/\/api.w.org\/{rel}","templated":true}]}}